{"id":2,"date":"2024-10-20T11:04:01","date_gmt":"2024-10-20T11:04:01","guid":{"rendered":"https:\/\/sovejaverde.ro\/?page_id=2"},"modified":"2025-07-21T09:55:46","modified_gmt":"2025-07-21T09:55:46","slug":"beneficiile-utilizarii-de-resurse-regenerabile-naturale","status":"publish","type":"page","link":"https:\/\/sovejaverde.ro\/index.php\/beneficiile-utilizarii-de-resurse-regenerabile-naturale\/","title":{"rendered":"BENEFICIILE UTILIZ\u0102RII DE RESURSE REGENERABILE NATURALE!"},"content":{"rendered":"[vc_row type=&#8221;in_container&#8221; full_screen_row_position=&#8221;middle&#8221; column_margin=&#8221;default&#8221; column_direction=&#8221;default&#8221; column_direction_tablet=&#8221;default&#8221; column_direction_phone=&#8221;default&#8221; scene_position=&#8221;center&#8221; text_color=&#8221;dark&#8221; text_align=&#8221;left&#8221; row_border_radius=&#8221;none&#8221; row_border_radius_applies=&#8221;bg&#8221; overflow=&#8221;visible&#8221; overlay_strength=&#8221;0.3&#8243; gradient_direction=&#8221;left_to_right&#8221; shape_divider_position=&#8221;bottom&#8221; bg_image_animation=&#8221;none&#8221;][vc_column column_padding=&#8221;no-extra-padding&#8221; column_padding_tablet=&#8221;inherit&#8221; column_padding_phone=&#8221;inherit&#8221; column_padding_position=&#8221;all&#8221; column_element_direction_desktop=&#8221;default&#8221; column_element_spacing=&#8221;default&#8221; desktop_text_alignment=&#8221;default&#8221; tablet_text_alignment=&#8221;default&#8221; phone_text_alignment=&#8221;default&#8221; background_color_opacity=&#8221;1&#8243; background_hover_color_opacity=&#8221;1&#8243; column_backdrop_filter=&#8221;none&#8221; column_shadow=&#8221;none&#8221; column_border_radius=&#8221;none&#8221; column_link_target=&#8221;_self&#8221; column_position=&#8221;default&#8221; gradient_direction=&#8221;left_to_right&#8221; overlay_strength=&#8221;0.3&#8243; width=&#8221;1\/1&#8243; tablet_width_inherit=&#8221;default&#8221; animation_type=&#8221;default&#8221; bg_image_animation=&#8221;none&#8221; border_type=&#8221;simple&#8221; column_border_width=&#8221;none&#8221; column_border_style=&#8221;solid&#8221;][vc_column_text css=&#8221;&#8221; text_direction=&#8221;default&#8221;]\n<h1 style=\"text-align: center;\">BENEFICIILE UTILIZ\u0102RII DE RESURSE REGENERABILE NATURALE!<\/h1>\n<p>Soarele, apa, aerul, m\u0103rile, oceanele, \u0219i chiar de\u0219eurile care se pot composta sunt surse naturale de energie care pot salva planeta \u00een viitor, \u00eenlocuind resursele neregenerabile \u0219i combustibilii fosili.<\/p>\n<p>25 de elevi de la Liceul \u201eSimion Mehedin\u021bi\u201d din Vidra au participat activ la seminarul nostru, unde am discutat deschis despre importan\u021ba utiliz\u0103rii resurselor regenerabile \u0219i despre cum putem s\u0103 le valorific\u0103m mai eficient.<\/p>\n<p>Ce au descoperit elevii?<\/p>\n<p>Cum func\u021bioneaz\u0103 energia solar\u0103, eolian\u0103 \u0219i hidroelectric\u0103.<\/p>\n<p>De ce compostarea de\u0219eurilor biodegradabile este benefic\u0103 pentru mediu.<\/p>\n<p>Cum putem reduce utilizarea combustibililor fosili \u0219i impactul acestora asupra naturii.<\/p>\n<p>\u00centreb\u0103rile lor curioase \u0219i r\u0103spunsurile primite au transformat seminarul \u00eentr-un dialog interactiv \u0219i plin de interes. Energia verde reprezint\u0103 viitorul planetei, iar tinerii din Vidra sunt cheia schimb\u0103rii!<\/p>\n<p>Felicit\u0103ri, tinerilor ecologi\u0219ti din Vidra! A\u021bi f\u0103cut un pas important spre un viitor mai curat \u0219i mai verde!<\/p>\n<p>&#8212;&#8212;&#8212;&#8212;&#8212;&#8212;&#8212;&#8212;&#8212;&#8212;&#8212;&#8212;&#8212;&#8212;&#8212;&#8212;&#8212;&#8212;&#8212;&#8212;&#8212;&#8212;&#8212;&#8212;&#8211;<\/p>\n<p>Proiectul ,,SOVEJA Verde prin Educa\u021bie de Mediu\u201d este finan\u021bat prin Administratia Fondului pentru Mediu, cod proiect: 598\/H\/13.06.2024<\/p>\n<p><a href=\"https:\/\/www.facebook.com\/hashtag\/afm?__eep__=6&amp;__cft__%5b0%5d=AZV0Bshvbha3tfp-GGQzuWyd3TuVwIHdgeRmBTt4CewBs5hFunJJJ3oGrsXOE7YvkLH9a8gtAAlJzU9jN1mjJLHK_Gvn-TZ5qnFT_WQupZpUYAOp9T3CebAeUHunCnlXl6aPmGtG9rwduTo_sAxx9PnBR87-P18wTzkBqgXucBXAqlIqnUaT5UqN4-nagXHVpaAy61gSRxsoIK4hUsc91i7X&amp;__tn__=*NK-R\"><strong>#AFM<\/strong><\/a> <a href=\"https:\/\/www.facebook.com\/hashtag\/eco?__eep__=6&amp;__cft__%5b0%5d=AZV0Bshvbha3tfp-GGQzuWyd3TuVwIHdgeRmBTt4CewBs5hFunJJJ3oGrsXOE7YvkLH9a8gtAAlJzU9jN1mjJLHK_Gvn-TZ5qnFT_WQupZpUYAOp9T3CebAeUHunCnlXl6aPmGtG9rwduTo_sAxx9PnBR87-P18wTzkBqgXucBXAqlIqnUaT5UqN4-nagXHVpaAy61gSRxsoIK4hUsc91i7X&amp;__tn__=*NK-R\"><strong>#ECO<\/strong><\/a> <a href=\"https:\/\/www.facebook.com\/hashtag\/protejeazanatura?__eep__=6&amp;__cft__%5b0%5d=AZV0Bshvbha3tfp-GGQzuWyd3TuVwIHdgeRmBTt4CewBs5hFunJJJ3oGrsXOE7YvkLH9a8gtAAlJzU9jN1mjJLHK_Gvn-TZ5qnFT_WQupZpUYAOp9T3CebAeUHunCnlXl6aPmGtG9rwduTo_sAxx9PnBR87-P18wTzkBqgXucBXAqlIqnUaT5UqN4-nagXHVpaAy61gSRxsoIK4hUsc91i7X&amp;__tn__=*NK-R\"><strong>#ProtejeazaNatura<\/strong><\/a> <a href=\"https:\/\/www.facebook.com\/hashtag\/protectiamediului?__eep__=6&amp;__cft__%5b0%5d=AZV0Bshvbha3tfp-GGQzuWyd3TuVwIHdgeRmBTt4CewBs5hFunJJJ3oGrsXOE7YvkLH9a8gtAAlJzU9jN1mjJLHK_Gvn-TZ5qnFT_WQupZpUYAOp9T3CebAeUHunCnlXl6aPmGtG9rwduTo_sAxx9PnBR87-P18wTzkBqgXucBXAqlIqnUaT5UqN4-nagXHVpaAy61gSRxsoIK4hUsc91i7X&amp;__tn__=*NK-R\"><strong>#ProtectiaMediului<\/strong><\/a> <a href=\"https:\/\/www.facebook.com\/hashtag\/educatieverde?__eep__=6&amp;__cft__%5b0%5d=AZV0Bshvbha3tfp-GGQzuWyd3TuVwIHdgeRmBTt4CewBs5hFunJJJ3oGrsXOE7YvkLH9a8gtAAlJzU9jN1mjJLHK_Gvn-TZ5qnFT_WQupZpUYAOp9T3CebAeUHunCnlXl6aPmGtG9rwduTo_sAxx9PnBR87-P18wTzkBqgXucBXAqlIqnUaT5UqN4-nagXHVpaAy61gSRxsoIK4hUsc91i7X&amp;__tn__=*NK-R\"><strong>#EducatieVerde<\/strong><\/a>[\/vc_column_text][vc_gallery css=&#8221;&#8221; type=&#8221;image_grid&#8221; images=&#8221;4346,4347,4348,4349,4350,4351&#8243; image_grid_loading=&#8221;default&#8221; layout=&#8221;4&#8243; item_spacing=&#8221;default&#8221; gallery_style=&#8221;7&#8243; load_in_animation=&#8221;none&#8221;][\/vc_column][vc_column column_padding=&#8221;no-extra-padding&#8221; column_padding_tablet=&#8221;inherit&#8221; column_padding_phone=&#8221;inherit&#8221; column_padding_position=&#8221;all&#8221; column_element_direction_desktop=&#8221;default&#8221; column_element_spacing=&#8221;default&#8221; desktop_text_alignment=&#8221;default&#8221; tablet_text_alignment=&#8221;default&#8221; phone_text_alignment=&#8221;default&#8221; background_color_opacity=&#8221;1&#8243; background_hover_color_opacity=&#8221;1&#8243; column_backdrop_filter=&#8221;none&#8221; column_shadow=&#8221;none&#8221; column_border_radius=&#8221;none&#8221; column_link_target=&#8221;_self&#8221; column_position=&#8221;default&#8221; gradient_direction=&#8221;left_to_right&#8221; overlay_strength=&#8221;0.3&#8243; width=&#8221;1\/1&#8243; tablet_width_inherit=&#8221;default&#8221; animation_type=&#8221;default&#8221; bg_image_animation=&#8221;none&#8221; border_type=&#8221;simple&#8221; column_border_width=&#8221;none&#8221; column_border_style=&#8221;solid&#8221;][\/vc_column][\/vc_row]\n","protected":false},"excerpt":{"rendered":"<p>[vc_row type=&#8221;in_container&#8221; full_screen_row_position=&#8221;middle&#8221; column_margin=&#8221;default&#8221; column_direction=&#8221;default&#8221; column_direction_tablet=&#8221;default&#8221; column_direction_phone=&#8221;default&#8221; scene_position=&#8221;center&#8221; text_color=&#8221;dark&#8221; text_align=&#8221;left&#8221; row_border_radius=&#8221;none&#8221; row_border_radius_applies=&#8221;bg&#8221; overflow=&#8221;visible&#8221; overlay_strength=&#8221;0.3&#8243; gradient_direction=&#8221;left_to_right&#8221; shape_divider_position=&#8221;bottom&#8221; bg_image_animation=&#8221;none&#8221;][vc_column column_padding=&#8221;no-extra-padding&#8221; column_padding_tablet=&#8221;inherit&#8221; column_padding_phone=&#8221;inherit&#8221; column_padding_position=&#8221;all&#8221; column_element_direction_desktop=&#8221;default&#8221; column_element_spacing=&#8221;default&#8221; desktop_text_alignment=&#8221;default&#8221; tablet_text_alignment=&#8221;default&#8221; phone_text_alignment=&#8221;default&#8221; background_color_opacity=&#8221;1&#8243; background_hover_color_opacity=&#8221;1&#8243; column_backdrop_filter=&#8221;none&#8221; column_shadow=&#8221;none&#8221;&#8230;<\/p>\n","protected":false},"author":1,"featured_media":0,"parent":0,"menu_order":0,"comment_status":"closed","ping_status":"closed","template":"","meta":{"footnotes":""},"class_list":["post-2","page","type-page","status-publish"],"_links":{"self":[{"href":"https:\/\/sovejaverde.ro\/index.php\/wp-json\/wp\/v2\/pages\/2","targetHints":{"allow":["GET"]}}],"collection":[{"href":"https:\/\/sovejaverde.ro\/index.php\/wp-json\/wp\/v2\/pages"}],"about":[{"href":"https:\/\/sovejaverde.ro\/index.php\/wp-json\/wp\/v2\/types\/page"}],"author":[{"embeddable":true,"href":"https:\/\/sovejaverde.ro\/index.php\/wp-json\/wp\/v2\/users\/1"}],"replies":[{"embeddable":true,"href":"https:\/\/sovejaverde.ro\/index.php\/wp-json\/wp\/v2\/comments?post=2"}],"version-history":[{"count":6,"href":"https:\/\/sovejaverde.ro\/index.php\/wp-json\/wp\/v2\/pages\/2\/revisions"}],"predecessor-version":[{"id":4388,"href":"https:\/\/sovejaverde.ro\/index.php\/wp-json\/wp\/v2\/pages\/2\/revisions\/4388"}],"wp:attachment":[{"href":"https:\/\/sovejaverde.ro\/index.php\/wp-json\/wp\/v2\/media?parent=2"}],"curies":[{"name":"wp","href":"https:\/\/api.w.org\/{rel}","templated":true}]}}