{"id":4208,"date":"2025-02-26T13:11:00","date_gmt":"2025-02-26T13:11:00","guid":{"rendered":"https:\/\/sovejaverde.ro\/?page_id=4208"},"modified":"2025-07-21T09:22:12","modified_gmt":"2025-07-21T09:22:12","slug":"protectia-ariilor-naturale-protejate","status":"publish","type":"page","link":"https:\/\/sovejaverde.ro\/index.php\/protectia-ariilor-naturale-protejate\/","title":{"rendered":"Protec\u021bia ariilor naturale protejate"},"content":{"rendered":"[vc_row type=&#8221;in_container&#8221; full_screen_row_position=&#8221;middle&#8221; column_margin=&#8221;default&#8221; column_direction=&#8221;default&#8221; column_direction_tablet=&#8221;default&#8221; column_direction_phone=&#8221;default&#8221; scene_position=&#8221;center&#8221; text_color=&#8221;dark&#8221; text_align=&#8221;left&#8221; row_border_radius=&#8221;none&#8221; row_border_radius_applies=&#8221;bg&#8221; overflow=&#8221;visible&#8221; overlay_strength=&#8221;0.3&#8243; gradient_direction=&#8221;left_to_right&#8221; shape_divider_position=&#8221;bottom&#8221; bg_image_animation=&#8221;none&#8221;][vc_column column_padding=&#8221;no-extra-padding&#8221; column_padding_tablet=&#8221;inherit&#8221; column_padding_phone=&#8221;inherit&#8221; column_padding_position=&#8221;all&#8221; column_element_direction_desktop=&#8221;default&#8221; column_element_spacing=&#8221;default&#8221; desktop_text_alignment=&#8221;default&#8221; tablet_text_alignment=&#8221;default&#8221; phone_text_alignment=&#8221;default&#8221; background_color_opacity=&#8221;1&#8243; background_hover_color_opacity=&#8221;1&#8243; column_backdrop_filter=&#8221;none&#8221; column_shadow=&#8221;none&#8221; column_border_radius=&#8221;none&#8221; column_link_target=&#8221;_self&#8221; column_position=&#8221;default&#8221; gradient_direction=&#8221;left_to_right&#8221; overlay_strength=&#8221;0.3&#8243; width=&#8221;1\/1&#8243; tablet_width_inherit=&#8221;default&#8221; animation_type=&#8221;default&#8221; bg_image_animation=&#8221;none&#8221; border_type=&#8221;simple&#8221; column_border_width=&#8221;none&#8221; column_border_style=&#8221;solid&#8221;][vc_column_text css=&#8221;&#8221; text_direction=&#8221;default&#8221;]\n<h1 style=\"text-align: center;\">Protec\u021bia Ariilor Naturale Protejate \u2013 Excursie Educa\u021bional\u0103 la Soveja!<\/h1>\n<p>50 de elevi entuzia\u0219ti din Soveja au explorat bog\u0103\u021biile naturale din \u00eemprejurimi \u0219i au \u00eenv\u0103\u021bat lec\u021bii esen\u021biale despre protejarea mediului. \u00cen cadrul excursiei educative, ace\u0219tia au descoperit importan\u021ba ariilor naturale protejate \u0219i au aflat despre restric\u021biile impuse pentru conservarea resurselor din aceast\u0103 zon\u0103 special\u0103. Profesorii \u0219i echipa de proiect le-au ar\u0103tat c\u00e2t de important este s\u0103 evit\u0103m depozitarea de\u0219eurilor \u00een natur\u0103, protej\u00e2nd astfel mediul pentru viitor.<\/p>\n<p>Scopul taberei a fost de a \u00eencuraja tinerii s\u0103 aprecieze ecoturismul \u0219i contribu\u021bia acestuia la p\u0103strarea patrimoniului natural local. Activit\u0103\u021bile educative au avut la baz\u0103 principiile respectului fa\u021b\u0103 de natur\u0103 \u0219i au scos \u00een eviden\u021b\u0103 frumuse\u021bea locului, \u00eenv\u0103\u021b\u00e2ndu-i pe elevi s\u0103 fie turi\u0219ti responsabili chiar \u00een propria lor comunitate.<\/p>\n<p>Elevii au avut parte de activit\u0103\u021bi speciale, printre care:<\/p>\n<p>Picnic \u0219i jocuri \u00een Poiana Punga \u2013 o zon\u0103 pitoreasc\u0103 unde elevii s-au bucurat de activit\u0103\u021bi recreative, au explorat natura \u0219i au petrecut timp \u00eempreun\u0103, apreciind lini\u0219tea \u0219i frumuse\u021bea locului.<\/p>\n<p>Con\u0219tientizarea \u0219i promovarea ecoturismului este o prioritate a acestui proiect, menit\u0103 s\u0103 inspire elevii s\u0103 protejeze natura \u0219i s\u0103 contribuie la p\u0103strarea unui mediu curat \u0219i s\u0103n\u0103tos \u00een Soveja.<\/p>\n<p>Aceast\u0103 ini\u021biativ\u0103 demonstreaz\u0103 c\u0103 elevii din Soveja pot deveni adev\u0103ra\u021bi ambasadori ai mediului, \u00eenv\u0103\u021b\u00e2nd de mici cum s\u0103 protejeze \u0219i s\u0103 respecte ariile naturale pentru a asigura un viitor verde pentru \u00eentreaga comunitate.<\/p>\n<p>&#8212;&#8212;&#8212;&#8212;&#8212;&#8212;&#8212;&#8212;&#8212;&#8212;&#8212;&#8212;&#8212;&#8212;&#8212;&#8212;&#8212;&#8212;&#8212;&#8212;&#8212;&#8212;&#8212;&#8212;&#8211;<\/p>\n<p>Proiectul ,,SOVEJA Verde prin Educa\u021bie de Mediu\u201d este finan\u021bat prin <a href=\"https:\/\/www.facebook.com\/profile.php?id=100064892042624&amp;__cft__%5b0%5d=AZUJHZ1_fs6GlGHDxWECh56FI8G1zR7NzyluM96QdOtAgeiovW4upcpDTu6nzW5q7LkXxi9XoBs6pHwJPjnp1h5YIH1uIfgZzxWI5zXGAgdHBRxODJEPAHkgyn9Nb4JgAHn7_Y4ReWzeIhKmnHPgtFJXvQZN6j2WAO_ZqYNMfjrE16keD_rStyo-pAMl7kaY-gM3yV-oX2JOVE45qrrlTvQX&amp;__tn__=-%5dK-R\"><strong>Administratia Fondului pentru Mediu<\/strong><\/a>, cod proiect: 598\/H\/13.06.2024<\/p>\n<p><a href=\"https:\/\/www.facebook.com\/hashtag\/afm?__eep__=6&amp;__cft__%5b0%5d=AZUJHZ1_fs6GlGHDxWECh56FI8G1zR7NzyluM96QdOtAgeiovW4upcpDTu6nzW5q7LkXxi9XoBs6pHwJPjnp1h5YIH1uIfgZzxWI5zXGAgdHBRxODJEPAHkgyn9Nb4JgAHn7_Y4ReWzeIhKmnHPgtFJXvQZN6j2WAO_ZqYNMfjrE16keD_rStyo-pAMl7kaY-gM3yV-oX2JOVE45qrrlTvQX&amp;__tn__=*NK-R\"><strong>#AFM<\/strong><\/a> <a href=\"https:\/\/www.facebook.com\/hashtag\/eco?__eep__=6&amp;__cft__%5b0%5d=AZUJHZ1_fs6GlGHDxWECh56FI8G1zR7NzyluM96QdOtAgeiovW4upcpDTu6nzW5q7LkXxi9XoBs6pHwJPjnp1h5YIH1uIfgZzxWI5zXGAgdHBRxODJEPAHkgyn9Nb4JgAHn7_Y4ReWzeIhKmnHPgtFJXvQZN6j2WAO_ZqYNMfjrE16keD_rStyo-pAMl7kaY-gM3yV-oX2JOVE45qrrlTvQX&amp;__tn__=*NK-R\"><strong>#ECO<\/strong><\/a> <a href=\"https:\/\/www.facebook.com\/hashtag\/protejeazanatura?__eep__=6&amp;__cft__%5b0%5d=AZUJHZ1_fs6GlGHDxWECh56FI8G1zR7NzyluM96QdOtAgeiovW4upcpDTu6nzW5q7LkXxi9XoBs6pHwJPjnp1h5YIH1uIfgZzxWI5zXGAgdHBRxODJEPAHkgyn9Nb4JgAHn7_Y4ReWzeIhKmnHPgtFJXvQZN6j2WAO_ZqYNMfjrE16keD_rStyo-pAMl7kaY-gM3yV-oX2JOVE45qrrlTvQX&amp;__tn__=*NK-R\"><strong>#ProtejeazaNatura<\/strong><\/a> <a href=\"https:\/\/www.facebook.com\/hashtag\/protectiamediului?__eep__=6&amp;__cft__%5b0%5d=AZUJHZ1_fs6GlGHDxWECh56FI8G1zR7NzyluM96QdOtAgeiovW4upcpDTu6nzW5q7LkXxi9XoBs6pHwJPjnp1h5YIH1uIfgZzxWI5zXGAgdHBRxODJEPAHkgyn9Nb4JgAHn7_Y4ReWzeIhKmnHPgtFJXvQZN6j2WAO_ZqYNMfjrE16keD_rStyo-pAMl7kaY-gM3yV-oX2JOVE45qrrlTvQX&amp;__tn__=*NK-R\"><strong>#ProtectiaMediului<\/strong><\/a> <a href=\"https:\/\/www.facebook.com\/hashtag\/educatieverde?__eep__=6&amp;__cft__%5b0%5d=AZUJHZ1_fs6GlGHDxWECh56FI8G1zR7NzyluM96QdOtAgeiovW4upcpDTu6nzW5q7LkXxi9XoBs6pHwJPjnp1h5YIH1uIfgZzxWI5zXGAgdHBRxODJEPAHkgyn9Nb4JgAHn7_Y4ReWzeIhKmnHPgtFJXvQZN6j2WAO_ZqYNMfjrE16keD_rStyo-pAMl7kaY-gM3yV-oX2JOVE45qrrlTvQX&amp;__tn__=*NK-R\"><strong>#EducatieVerde<\/strong><\/a>[\/vc_column_text][vc_gallery css=&#8221;&#8221; type=&#8221;image_grid&#8221; images=&#8221;4308,4309,4310,4311,4312,4313,4314&#8243; image_grid_loading=&#8221;default&#8221; layout=&#8221;4&#8243; item_spacing=&#8221;default&#8221; gallery_style=&#8221;7&#8243; load_in_animation=&#8221;none&#8221;][\/vc_column][\/vc_row]\n","protected":false},"excerpt":{"rendered":"<p>[vc_row type=&#8221;in_container&#8221; full_screen_row_position=&#8221;middle&#8221; column_margin=&#8221;default&#8221; column_direction=&#8221;default&#8221; column_direction_tablet=&#8221;default&#8221; column_direction_phone=&#8221;default&#8221; scene_position=&#8221;center&#8221; text_color=&#8221;dark&#8221; text_align=&#8221;left&#8221; row_border_radius=&#8221;none&#8221; row_border_radius_applies=&#8221;bg&#8221; overflow=&#8221;visible&#8221; overlay_strength=&#8221;0.3&#8243; gradient_direction=&#8221;left_to_right&#8221; shape_divider_position=&#8221;bottom&#8221; bg_image_animation=&#8221;none&#8221;][vc_column column_padding=&#8221;no-extra-padding&#8221; column_padding_tablet=&#8221;inherit&#8221; column_padding_phone=&#8221;inherit&#8221; column_padding_position=&#8221;all&#8221; column_element_direction_desktop=&#8221;default&#8221; column_element_spacing=&#8221;default&#8221; desktop_text_alignment=&#8221;default&#8221; tablet_text_alignment=&#8221;default&#8221; phone_text_alignment=&#8221;default&#8221; background_color_opacity=&#8221;1&#8243; background_hover_color_opacity=&#8221;1&#8243; column_backdrop_filter=&#8221;none&#8221; column_shadow=&#8221;none&#8221;&#8230;<\/p>\n","protected":false},"author":1,"featured_media":0,"parent":0,"menu_order":0,"comment_status":"closed","ping_status":"closed","template":"","meta":{"footnotes":""},"class_list":["post-4208","page","type-page","status-publish"],"_links":{"self":[{"href":"https:\/\/sovejaverde.ro\/index.php\/wp-json\/wp\/v2\/pages\/4208","targetHints":{"allow":["GET"]}}],"collection":[{"href":"https:\/\/sovejaverde.ro\/index.php\/wp-json\/wp\/v2\/pages"}],"about":[{"href":"https:\/\/sovejaverde.ro\/index.php\/wp-json\/wp\/v2\/types\/page"}],"author":[{"embeddable":true,"href":"https:\/\/sovejaverde.ro\/index.php\/wp-json\/wp\/v2\/users\/1"}],"replies":[{"embeddable":true,"href":"https:\/\/sovejaverde.ro\/index.php\/wp-json\/wp\/v2\/comments?post=4208"}],"version-history":[{"count":4,"href":"https:\/\/sovejaverde.ro\/index.php\/wp-json\/wp\/v2\/pages\/4208\/revisions"}],"predecessor-version":[{"id":4316,"href":"https:\/\/sovejaverde.ro\/index.php\/wp-json\/wp\/v2\/pages\/4208\/revisions\/4316"}],"wp:attachment":[{"href":"https:\/\/sovejaverde.ro\/index.php\/wp-json\/wp\/v2\/media?parent=4208"}],"curies":[{"name":"wp","href":"https:\/\/api.w.org\/{rel}","templated":true}]}}