{"id":4238,"date":"2025-02-26T13:38:45","date_gmt":"2025-02-26T13:38:45","guid":{"rendered":"https:\/\/sovejaverde.ro\/?page_id=4238"},"modified":"2025-07-21T09:54:19","modified_gmt":"2025-07-21T09:54:19","slug":"drepturile-si-obligatiile-de-mediu-ale-cetatenilor-si-institutiilor-publice-locale","status":"publish","type":"page","link":"https:\/\/sovejaverde.ro\/index.php\/drepturile-si-obligatiile-de-mediu-ale-cetatenilor-si-institutiilor-publice-locale\/","title":{"rendered":"Drepturile \u0219i obliga\u021biile de mediu ale cet\u0103\u021benilor \u0219i institu\u021biilor publice locale \u2013 Seminar la Scoala Dumitru Pricop Negrile\u0219ti!"},"content":{"rendered":"[vc_row type=&#8221;in_container&#8221; full_screen_row_position=&#8221;middle&#8221; column_margin=&#8221;default&#8221; column_direction=&#8221;default&#8221; column_direction_tablet=&#8221;default&#8221; column_direction_phone=&#8221;default&#8221; scene_position=&#8221;center&#8221; text_color=&#8221;dark&#8221; text_align=&#8221;left&#8221; row_border_radius=&#8221;none&#8221; row_border_radius_applies=&#8221;bg&#8221; overflow=&#8221;visible&#8221; overlay_strength=&#8221;0.3&#8243; gradient_direction=&#8221;left_to_right&#8221; shape_divider_position=&#8221;bottom&#8221; bg_image_animation=&#8221;none&#8221;][vc_column column_padding=&#8221;no-extra-padding&#8221; column_padding_tablet=&#8221;inherit&#8221; column_padding_phone=&#8221;inherit&#8221; column_padding_position=&#8221;all&#8221; column_element_direction_desktop=&#8221;default&#8221; column_element_spacing=&#8221;default&#8221; desktop_text_alignment=&#8221;default&#8221; tablet_text_alignment=&#8221;default&#8221; phone_text_alignment=&#8221;default&#8221; background_color_opacity=&#8221;1&#8243; background_hover_color_opacity=&#8221;1&#8243; column_backdrop_filter=&#8221;none&#8221; column_shadow=&#8221;none&#8221; column_border_radius=&#8221;none&#8221; column_link_target=&#8221;_self&#8221; column_position=&#8221;default&#8221; gradient_direction=&#8221;left_to_right&#8221; overlay_strength=&#8221;0.3&#8243; width=&#8221;1\/1&#8243; tablet_width_inherit=&#8221;default&#8221; animation_type=&#8221;default&#8221; bg_image_animation=&#8221;none&#8221; border_type=&#8221;simple&#8221; column_border_width=&#8221;none&#8221; column_border_style=&#8221;solid&#8221;][vc_column_text css=&#8221;&#8221; text_direction=&#8221;default&#8221;]\n<h1 style=\"text-align: center;\">Drepturile \u0219i obliga\u021biile de mediu ale cet\u0103\u021benilor \u0219i institu\u021biilor publice locale \u2013 Seminar la Scoala Dumitru Pricop Negrile\u0219ti!<\/h1>\n<p>La Scoala Dumitru Pricop Negrile\u0219ti, copiii au participat cu entuziasm la un seminar interactiv despre \u201eDrepturile \u0219i obliga\u021biile de mediu ale cet\u0103\u021benilor \u0219i institu\u021biilor publice locale\u201d. Evenimentul a fost organizat pentru a le ar\u0103ta celor mici c\u00e2t de important este s\u0103 protej\u0103m natura \u0219i cum fiecare dintre noi poate contribui la un mediu mai curat.<\/p>\n<p>Activit\u0103\u021bi captivante:<\/p>\n<p>Pove\u0219ti \u0219i discu\u021bii: Copiii au aflat ce institu\u021bii protejeaz\u0103 mediul \u0219i cum pot sesiza probleme precum poluarea.<\/p>\n<p>Ateliere creative: Cei mici au creat desene \u0219i au venit cu idei despre cum s\u0103 p\u0103str\u0103m natura curat\u0103.<\/p>\n<p>Jocuri educative: Am organizat un concurs interactiv, unde copiii au r\u0103spuns la \u00eentreb\u0103ri despre protec\u021bia mediului \u0219i au \u00eenv\u0103\u021bat prin joac\u0103.<\/p>\n<p>Premii \u0219i recunoa\u0219tere:<\/p>\n<p>To\u021bi participan\u021bii au primit diplome pentru implicarea lor \u0219i pentru ideile creative.<\/p>\n<p>Mesajul final: \u201eFiecare dintre noi, chiar \u0219i cei mai mici, poate contribui la protejarea naturii. \u00cempreun\u0103, putem face Negrile\u0219ti un loc mai curat \u0219i mai frumos!\u201d<\/p>\n<p>&#8212;&#8212;&#8212;&#8212;&#8212;&#8212;&#8212;&#8212;&#8212;&#8212;&#8212;&#8212;&#8212;&#8212;&#8212;&#8212;&#8212;&#8212;&#8212;&#8212;&#8212;&#8212;&#8212;&#8212;&#8211;<\/p>\n<p>Proiectul ,,SOVEJA Verde prin Educa\u021bie de Mediu\u201d este finan\u021bat prin Administratia Fondului pentru Mediu, cod proiect: 598\/H\/13.06.2024<\/p>\n<p><a href=\"https:\/\/www.facebook.com\/hashtag\/afm?__eep__=6&amp;__cft__%5b0%5d=AZWbNq_-LbbybSNqomnJFDq_66y_ZcDtsHKJ1UepfgmsDHIuHTDC8cDNOD61P7InIIGZQ5osG0l8yIH80UOvfuqLfBDPbfJ092Y96t-rrLTk21yOG0naZrVdbpdk1x8RMqJz0d7yFS5ap_bRH-qpcUvbpqsJl9bf81THBYYPZHn72osutwvgFFrel3XCpN0l_WmCNPAf-JDOlQLJqPbFDo0l&amp;__tn__=*NK-R\"><strong>#AFM<\/strong><\/a> <a href=\"https:\/\/www.facebook.com\/hashtag\/eco?__eep__=6&amp;__cft__%5b0%5d=AZWbNq_-LbbybSNqomnJFDq_66y_ZcDtsHKJ1UepfgmsDHIuHTDC8cDNOD61P7InIIGZQ5osG0l8yIH80UOvfuqLfBDPbfJ092Y96t-rrLTk21yOG0naZrVdbpdk1x8RMqJz0d7yFS5ap_bRH-qpcUvbpqsJl9bf81THBYYPZHn72osutwvgFFrel3XCpN0l_WmCNPAf-JDOlQLJqPbFDo0l&amp;__tn__=*NK-R\"><strong>#ECO<\/strong><\/a> <a href=\"https:\/\/www.facebook.com\/hashtag\/protejeazanatura?__eep__=6&amp;__cft__%5b0%5d=AZWbNq_-LbbybSNqomnJFDq_66y_ZcDtsHKJ1UepfgmsDHIuHTDC8cDNOD61P7InIIGZQ5osG0l8yIH80UOvfuqLfBDPbfJ092Y96t-rrLTk21yOG0naZrVdbpdk1x8RMqJz0d7yFS5ap_bRH-qpcUvbpqsJl9bf81THBYYPZHn72osutwvgFFrel3XCpN0l_WmCNPAf-JDOlQLJqPbFDo0l&amp;__tn__=*NK-R\"><strong>#ProtejeazaNatura<\/strong><\/a> <a href=\"https:\/\/www.facebook.com\/hashtag\/protectiamediului?__eep__=6&amp;__cft__%5b0%5d=AZWbNq_-LbbybSNqomnJFDq_66y_ZcDtsHKJ1UepfgmsDHIuHTDC8cDNOD61P7InIIGZQ5osG0l8yIH80UOvfuqLfBDPbfJ092Y96t-rrLTk21yOG0naZrVdbpdk1x8RMqJz0d7yFS5ap_bRH-qpcUvbpqsJl9bf81THBYYPZHn72osutwvgFFrel3XCpN0l_WmCNPAf-JDOlQLJqPbFDo0l&amp;__tn__=*NK-R\"><strong>#ProtectiaMediului<\/strong><\/a> <a href=\"https:\/\/www.facebook.com\/hashtag\/educatieverde?__eep__=6&amp;__cft__%5b0%5d=AZWbNq_-LbbybSNqomnJFDq_66y_ZcDtsHKJ1UepfgmsDHIuHTDC8cDNOD61P7InIIGZQ5osG0l8yIH80UOvfuqLfBDPbfJ092Y96t-rrLTk21yOG0naZrVdbpdk1x8RMqJz0d7yFS5ap_bRH-qpcUvbpqsJl9bf81THBYYPZHn72osutwvgFFrel3XCpN0l_WmCNPAf-JDOlQLJqPbFDo0l&amp;__tn__=*NK-R\"><strong>#EducatieVerde<\/strong><\/a>[\/vc_column_text][vc_gallery css=&#8221;&#8221; type=&#8221;image_grid&#8221; images=&#8221;4318,4319,4320,4321,4322,4323,4324&#8243; image_grid_loading=&#8221;default&#8221; layout=&#8221;4&#8243; item_spacing=&#8221;default&#8221; gallery_style=&#8221;7&#8243; load_in_animation=&#8221;none&#8221;][\/vc_column][\/vc_row]\n","protected":false},"excerpt":{"rendered":"<p>[vc_row type=&#8221;in_container&#8221; full_screen_row_position=&#8221;middle&#8221; column_margin=&#8221;default&#8221; column_direction=&#8221;default&#8221; column_direction_tablet=&#8221;default&#8221; column_direction_phone=&#8221;default&#8221; scene_position=&#8221;center&#8221; text_color=&#8221;dark&#8221; text_align=&#8221;left&#8221; row_border_radius=&#8221;none&#8221; row_border_radius_applies=&#8221;bg&#8221; overflow=&#8221;visible&#8221; overlay_strength=&#8221;0.3&#8243; gradient_direction=&#8221;left_to_right&#8221; shape_divider_position=&#8221;bottom&#8221; bg_image_animation=&#8221;none&#8221;][vc_column column_padding=&#8221;no-extra-padding&#8221; column_padding_tablet=&#8221;inherit&#8221; column_padding_phone=&#8221;inherit&#8221; column_padding_position=&#8221;all&#8221; column_element_direction_desktop=&#8221;default&#8221; column_element_spacing=&#8221;default&#8221; desktop_text_alignment=&#8221;default&#8221; tablet_text_alignment=&#8221;default&#8221; phone_text_alignment=&#8221;default&#8221; background_color_opacity=&#8221;1&#8243; background_hover_color_opacity=&#8221;1&#8243; column_backdrop_filter=&#8221;none&#8221; column_shadow=&#8221;none&#8221;&#8230;<\/p>\n","protected":false},"author":1,"featured_media":0,"parent":0,"menu_order":0,"comment_status":"closed","ping_status":"closed","template":"","meta":{"footnotes":""},"class_list":["post-4238","page","type-page","status-publish"],"_links":{"self":[{"href":"https:\/\/sovejaverde.ro\/index.php\/wp-json\/wp\/v2\/pages\/4238","targetHints":{"allow":["GET"]}}],"collection":[{"href":"https:\/\/sovejaverde.ro\/index.php\/wp-json\/wp\/v2\/pages"}],"about":[{"href":"https:\/\/sovejaverde.ro\/index.php\/wp-json\/wp\/v2\/types\/page"}],"author":[{"embeddable":true,"href":"https:\/\/sovejaverde.ro\/index.php\/wp-json\/wp\/v2\/users\/1"}],"replies":[{"embeddable":true,"href":"https:\/\/sovejaverde.ro\/index.php\/wp-json\/wp\/v2\/comments?post=4238"}],"version-history":[{"count":5,"href":"https:\/\/sovejaverde.ro\/index.php\/wp-json\/wp\/v2\/pages\/4238\/revisions"}],"predecessor-version":[{"id":4382,"href":"https:\/\/sovejaverde.ro\/index.php\/wp-json\/wp\/v2\/pages\/4238\/revisions\/4382"}],"wp:attachment":[{"href":"https:\/\/sovejaverde.ro\/index.php\/wp-json\/wp\/v2\/media?parent=4238"}],"curies":[{"name":"wp","href":"https:\/\/api.w.org\/{rel}","templated":true}]}}