{"id":4257,"date":"2025-02-27T19:05:19","date_gmt":"2025-02-27T19:05:19","guid":{"rendered":"https:\/\/sovejaverde.ro\/?page_id=4257"},"modified":"2025-11-19T22:46:06","modified_gmt":"2025-11-19T22:46:06","slug":"poluarea-apelor","status":"publish","type":"page","link":"https:\/\/sovejaverde.ro\/index.php\/poluarea-apelor\/","title":{"rendered":"Poluarea apelor"},"content":{"rendered":"[vc_row type=&#8221;in_container&#8221; full_screen_row_position=&#8221;middle&#8221; column_margin=&#8221;default&#8221; column_direction=&#8221;default&#8221; column_direction_tablet=&#8221;default&#8221; column_direction_phone=&#8221;default&#8221; scene_position=&#8221;center&#8221; text_color=&#8221;dark&#8221; text_align=&#8221;left&#8221; row_border_radius=&#8221;none&#8221; row_border_radius_applies=&#8221;bg&#8221; overflow=&#8221;visible&#8221; overlay_strength=&#8221;0.3&#8243; gradient_direction=&#8221;left_to_right&#8221; shape_divider_position=&#8221;bottom&#8221; bg_image_animation=&#8221;none&#8221;][vc_column column_padding=&#8221;no-extra-padding&#8221; column_padding_tablet=&#8221;inherit&#8221; column_padding_phone=&#8221;inherit&#8221; column_padding_position=&#8221;all&#8221; column_element_direction_desktop=&#8221;default&#8221; column_element_spacing=&#8221;default&#8221; desktop_text_alignment=&#8221;default&#8221; tablet_text_alignment=&#8221;default&#8221; phone_text_alignment=&#8221;default&#8221; background_color_opacity=&#8221;1&#8243; background_hover_color_opacity=&#8221;1&#8243; column_backdrop_filter=&#8221;none&#8221; column_shadow=&#8221;none&#8221; column_border_radius=&#8221;none&#8221; column_link_target=&#8221;_self&#8221; column_position=&#8221;default&#8221; gradient_direction=&#8221;left_to_right&#8221; overlay_strength=&#8221;0.3&#8243; width=&#8221;1\/1&#8243; tablet_width_inherit=&#8221;default&#8221; animation_type=&#8221;default&#8221; bg_image_animation=&#8221;none&#8221; border_type=&#8221;simple&#8221; column_border_width=&#8221;none&#8221; column_border_style=&#8221;solid&#8221;][vc_column_text css=&#8221;&#8221; text_direction=&#8221;default&#8221;]\n<h2>Poluarea apelor<\/h2>\n<p>Organizarea unei tabere de zi cu ac\u021biune de cur\u0103\u021benie pentru igienizarea\u00a0 albiilor r\u00e2urilor la nivelul teritoriului Valea \u0218u\u0219i\u021bei \u2013 campanie de weekend. Vor participa 100 de tineri de 6 -18 ani.(tab\u0103r\u0103\/excursie)<\/p>\n<p>\ud83c\udf3f <strong>Tulnici mai curat, datorit\u0103 copiilor!<\/strong> \ud83c\udf3f \u2013 tema 2 \u2013 18.10.2025<\/p>\n<p>Peste <strong>100 de copii din Tulnici<\/strong> au demonstrat c\u0103 grija pentru natur\u0103 se \u00eenva\u021b\u0103 din fapte, nu doar din vorbe! \ud83d\udc9a \u00cen cadrul proiectului <strong>\u201eSoveja Verde \u2013 prin educa\u021bie de mediu\u201d<\/strong>, ace\u0219tia au participat la o ampl\u0103 <strong>ac\u021biune de colectare a de\u0219eurilor<\/strong> din zona p\u00e2r\u00e2ului Tulnici, transform\u00e2nd o zi obi\u0219nuit\u0103 \u00eentr-o adev\u0103rat\u0103 lec\u021bie de responsabilitate \u0219i implicare. \ud83c\udf0d<\/p>\n<p>Cu m\u0103nu\u0219i, saci \u0219i mult entuziasm, copiii au adunat de\u0219eurile, au sortat plasticul, h\u00e2rtia \u0219i metalul \u0219i au \u00eenv\u0103\u021bat c\u00e2t de important este s\u0103 protej\u0103m mediul \u00een care tr\u0103im. \ud83d\udcaa<\/p>\n<p>A fost o zi plin\u0103 de energie, z\u00e2mbete \u0219i spirit de echip\u0103, iar rezultatul se vede deja: un <strong>Tulnici mai curat \u0219i mai frumos<\/strong>, datorit\u0103 copiilor care au ar\u0103tat c\u0103 fiecare gest conteaz\u0103! \ud83c\udf43\ud83d\udcab[\/vc_column_text][\/vc_column][\/vc_row][vc_row type=&#8221;in_container&#8221; full_screen_row_position=&#8221;middle&#8221; column_margin=&#8221;default&#8221; column_direction=&#8221;default&#8221; column_direction_tablet=&#8221;default&#8221; column_direction_phone=&#8221;default&#8221; scene_position=&#8221;center&#8221; text_color=&#8221;dark&#8221; text_align=&#8221;left&#8221; row_border_radius=&#8221;none&#8221; row_border_radius_applies=&#8221;bg&#8221; overflow=&#8221;visible&#8221; overlay_strength=&#8221;0.3&#8243; gradient_direction=&#8221;left_to_right&#8221; shape_divider_position=&#8221;bottom&#8221; bg_image_animation=&#8221;none&#8221;][vc_column column_padding=&#8221;no-extra-padding&#8221; column_padding_tablet=&#8221;inherit&#8221; column_padding_phone=&#8221;inherit&#8221; column_padding_position=&#8221;all&#8221; column_element_direction_desktop=&#8221;default&#8221; column_element_spacing=&#8221;default&#8221; desktop_text_alignment=&#8221;default&#8221; tablet_text_alignment=&#8221;default&#8221; phone_text_alignment=&#8221;default&#8221; background_color_opacity=&#8221;1&#8243; background_hover_color_opacity=&#8221;1&#8243; column_backdrop_filter=&#8221;none&#8221; column_shadow=&#8221;none&#8221; column_border_radius=&#8221;none&#8221; column_link_target=&#8221;_self&#8221; column_position=&#8221;default&#8221; gradient_direction=&#8221;left_to_right&#8221; overlay_strength=&#8221;0.3&#8243; width=&#8221;1\/1&#8243; tablet_width_inherit=&#8221;default&#8221; animation_type=&#8221;default&#8221; bg_image_animation=&#8221;none&#8221; border_type=&#8221;simple&#8221; column_border_width=&#8221;none&#8221; column_border_style=&#8221;solid&#8221;][vc_gallery css=&#8221;&#8221; type=&#8221;image_grid&#8221; images=&#8221;4406,4407,4408,4409,4410,4411,4412,4413,4414,4415,4416,4417,4418,4419,4420,4421,4422,4423&#8243; image_grid_loading=&#8221;default&#8221; layout=&#8221;4&#8243; item_spacing=&#8221;default&#8221; gallery_style=&#8221;7&#8243; load_in_animation=&#8221;none&#8221;][\/vc_column][\/vc_row]\n","protected":false},"excerpt":{"rendered":"<p>[vc_row type=&#8221;in_container&#8221; full_screen_row_position=&#8221;middle&#8221; column_margin=&#8221;default&#8221; column_direction=&#8221;default&#8221; column_direction_tablet=&#8221;default&#8221; column_direction_phone=&#8221;default&#8221; scene_position=&#8221;center&#8221; text_color=&#8221;dark&#8221; text_align=&#8221;left&#8221; row_border_radius=&#8221;none&#8221; row_border_radius_applies=&#8221;bg&#8221; overflow=&#8221;visible&#8221; overlay_strength=&#8221;0.3&#8243; gradient_direction=&#8221;left_to_right&#8221; shape_divider_position=&#8221;bottom&#8221; bg_image_animation=&#8221;none&#8221;][vc_column column_padding=&#8221;no-extra-padding&#8221; column_padding_tablet=&#8221;inherit&#8221; column_padding_phone=&#8221;inherit&#8221; column_padding_position=&#8221;all&#8221; column_element_direction_desktop=&#8221;default&#8221; column_element_spacing=&#8221;default&#8221; desktop_text_alignment=&#8221;default&#8221; tablet_text_alignment=&#8221;default&#8221; phone_text_alignment=&#8221;default&#8221; background_color_opacity=&#8221;1&#8243; background_hover_color_opacity=&#8221;1&#8243; column_backdrop_filter=&#8221;none&#8221; column_shadow=&#8221;none&#8221;&#8230;<\/p>\n","protected":false},"author":1,"featured_media":0,"parent":0,"menu_order":0,"comment_status":"closed","ping_status":"closed","template":"","meta":{"footnotes":""},"class_list":["post-4257","page","type-page","status-publish"],"_links":{"self":[{"href":"https:\/\/sovejaverde.ro\/index.php\/wp-json\/wp\/v2\/pages\/4257","targetHints":{"allow":["GET"]}}],"collection":[{"href":"https:\/\/sovejaverde.ro\/index.php\/wp-json\/wp\/v2\/pages"}],"about":[{"href":"https:\/\/sovejaverde.ro\/index.php\/wp-json\/wp\/v2\/types\/page"}],"author":[{"embeddable":true,"href":"https:\/\/sovejaverde.ro\/index.php\/wp-json\/wp\/v2\/users\/1"}],"replies":[{"embeddable":true,"href":"https:\/\/sovejaverde.ro\/index.php\/wp-json\/wp\/v2\/comments?post=4257"}],"version-history":[{"count":6,"href":"https:\/\/sovejaverde.ro\/index.php\/wp-json\/wp\/v2\/pages\/4257\/revisions"}],"predecessor-version":[{"id":4424,"href":"https:\/\/sovejaverde.ro\/index.php\/wp-json\/wp\/v2\/pages\/4257\/revisions\/4424"}],"wp:attachment":[{"href":"https:\/\/sovejaverde.ro\/index.php\/wp-json\/wp\/v2\/media?parent=4257"}],"curies":[{"name":"wp","href":"https:\/\/api.w.org\/{rel}","templated":true}]}}