{"id":4259,"date":"2025-02-27T19:05:32","date_gmt":"2025-02-27T19:05:32","guid":{"rendered":"https:\/\/sovejaverde.ro\/?page_id=4259"},"modified":"2025-07-21T09:54:51","modified_gmt":"2025-07-21T09:54:51","slug":"taierea-ilegala-a-padurilor","status":"publish","type":"page","link":"https:\/\/sovejaverde.ro\/index.php\/taierea-ilegala-a-padurilor\/","title":{"rendered":"T\u0103ierea ilegal\u0103 a p\u0103durilor"},"content":{"rendered":"[vc_row type=&#8221;in_container&#8221; full_screen_row_position=&#8221;middle&#8221; column_margin=&#8221;default&#8221; column_direction=&#8221;default&#8221; column_direction_tablet=&#8221;default&#8221; column_direction_phone=&#8221;default&#8221; scene_position=&#8221;center&#8221; text_color=&#8221;dark&#8221; text_align=&#8221;left&#8221; row_border_radius=&#8221;none&#8221; row_border_radius_applies=&#8221;bg&#8221; overflow=&#8221;visible&#8221; overlay_strength=&#8221;0.3&#8243; gradient_direction=&#8221;left_to_right&#8221; shape_divider_position=&#8221;bottom&#8221; bg_image_animation=&#8221;none&#8221;][vc_column column_padding=&#8221;no-extra-padding&#8221; column_padding_tablet=&#8221;inherit&#8221; column_padding_phone=&#8221;inherit&#8221; column_padding_position=&#8221;all&#8221; column_element_direction_desktop=&#8221;default&#8221; column_element_spacing=&#8221;default&#8221; desktop_text_alignment=&#8221;default&#8221; tablet_text_alignment=&#8221;default&#8221; phone_text_alignment=&#8221;default&#8221; background_color_opacity=&#8221;1&#8243; background_hover_color_opacity=&#8221;1&#8243; column_backdrop_filter=&#8221;none&#8221; column_shadow=&#8221;none&#8221; column_border_radius=&#8221;none&#8221; column_link_target=&#8221;_self&#8221; column_position=&#8221;default&#8221; gradient_direction=&#8221;left_to_right&#8221; overlay_strength=&#8221;0.3&#8243; width=&#8221;1\/1&#8243; tablet_width_inherit=&#8221;default&#8221; animation_type=&#8221;default&#8221; bg_image_animation=&#8221;none&#8221; border_type=&#8221;simple&#8221; column_border_width=&#8221;none&#8221; column_border_style=&#8221;solid&#8221;][vc_column_text css=&#8221;&#8221; text_direction=&#8221;default&#8221;]\n<h2>T\u0103ierea ilegal\u0103 a p\u0103durilor<\/h2>\n<p>P\u0103durea \u00eencepe cu noi \u2013 la R\u0103coasa!<\/p>\n<p>100 de copii minuna\u021bi de la \u0218coala R\u0103coasa s-au transformat \u00een Gardieni ai P\u0103durii \u0219i au plantat brazi, pun\u00e2nd suflet, energie \u0219i iubire \u00een fiecare puiet .<\/p>\n<p>\u00cenainte de a porni la drum cu sapa \u0219i puietul \u00een m\u00e2n\u0103, am avut parte de o sesiune de informare despre rolul p\u0103durii \u0219i despre importan\u021ba protej\u0103rii naturii. \u00cempreun\u0103 am aflat de ce copacii sunt prietenii no\u0219tri t\u0103cu\u021bi, care ne ofer\u0103 aer curat, umbr\u0103 \u0219i via\u021b\u0103!<\/p>\n<p>Ne-au fost al\u0103turi pompierii \u0219i reprezentan\u021bii Ocolului Silvic \u2013 adev\u0103ra\u021bi eroi ai mediului, care le-au povestit copiilor cum s\u0103 respecte \u0219i s\u0103 \u00eengrijeasc\u0103 p\u0103durea.<\/p>\n<p>Fiecare copac plantat a primit un nume \u0219i un mesaj simbolic, scris cu grij\u0103 de copii. Unul dintre cei mai emo\u021bionan\u021bi a fost \u201eCopacul Iubirii\u201d, care a reprezentat dragostea profund\u0103 pe care o avem pentru natur\u0103 \u0219i promisiunea c\u0103 o vom proteja mereu.<\/p>\n<p>A fost o zi plin\u0103 de \u00eenv\u0103\u021bare, emo\u021bie \u0219i fapte bune. Nu doar c\u0103 am plantat copaci, ci \u0219i speran\u021b\u0103, responsabilitate \u0219i iubire fa\u021b\u0103 de natur\u0103.[\/vc_column_text][\/vc_column][\/vc_row][vc_row type=&#8221;in_container&#8221; full_screen_row_position=&#8221;middle&#8221; column_margin=&#8221;default&#8221; column_direction=&#8221;default&#8221; column_direction_tablet=&#8221;default&#8221; column_direction_phone=&#8221;default&#8221; scene_position=&#8221;center&#8221; text_color=&#8221;dark&#8221; text_align=&#8221;left&#8221; row_border_radius=&#8221;none&#8221; row_border_radius_applies=&#8221;bg&#8221; overflow=&#8221;visible&#8221; overlay_strength=&#8221;0.3&#8243; gradient_direction=&#8221;left_to_right&#8221; shape_divider_position=&#8221;bottom&#8221; bg_image_animation=&#8221;none&#8221;][vc_column column_padding=&#8221;no-extra-padding&#8221; column_padding_tablet=&#8221;inherit&#8221; column_padding_phone=&#8221;inherit&#8221; column_padding_position=&#8221;all&#8221; column_element_direction_desktop=&#8221;default&#8221; column_element_spacing=&#8221;default&#8221; desktop_text_alignment=&#8221;default&#8221; tablet_text_alignment=&#8221;default&#8221; phone_text_alignment=&#8221;default&#8221; background_color_opacity=&#8221;1&#8243; background_hover_color_opacity=&#8221;1&#8243; column_backdrop_filter=&#8221;none&#8221; column_shadow=&#8221;none&#8221; column_border_radius=&#8221;none&#8221; column_link_target=&#8221;_self&#8221; column_position=&#8221;default&#8221; gradient_direction=&#8221;left_to_right&#8221; overlay_strength=&#8221;0.3&#8243; width=&#8221;1\/1&#8243; tablet_width_inherit=&#8221;default&#8221; animation_type=&#8221;default&#8221; bg_image_animation=&#8221;none&#8221; border_type=&#8221;simple&#8221; column_border_width=&#8221;none&#8221; column_border_style=&#8221;solid&#8221;][vc_gallery css=&#8221;&#8221; type=&#8221;image_grid&#8221; images=&#8221;4288,4289,4290,4291,4292,4293,4294,4295,4296,4297,4298,4299,4300,4301,4302,4303,4304,4305,4306&#8243; image_grid_loading=&#8221;default&#8221; layout=&#8221;4&#8243; item_spacing=&#8221;default&#8221; gallery_style=&#8221;7&#8243; load_in_animation=&#8221;none&#8221;][\/vc_column][\/vc_row]\n","protected":false},"excerpt":{"rendered":"<p>[vc_row type=&#8221;in_container&#8221; full_screen_row_position=&#8221;middle&#8221; column_margin=&#8221;default&#8221; column_direction=&#8221;default&#8221; column_direction_tablet=&#8221;default&#8221; column_direction_phone=&#8221;default&#8221; scene_position=&#8221;center&#8221; text_color=&#8221;dark&#8221; text_align=&#8221;left&#8221; row_border_radius=&#8221;none&#8221; row_border_radius_applies=&#8221;bg&#8221; overflow=&#8221;visible&#8221; overlay_strength=&#8221;0.3&#8243; gradient_direction=&#8221;left_to_right&#8221; shape_divider_position=&#8221;bottom&#8221; bg_image_animation=&#8221;none&#8221;][vc_column column_padding=&#8221;no-extra-padding&#8221; column_padding_tablet=&#8221;inherit&#8221; column_padding_phone=&#8221;inherit&#8221; column_padding_position=&#8221;all&#8221; column_element_direction_desktop=&#8221;default&#8221; column_element_spacing=&#8221;default&#8221; desktop_text_alignment=&#8221;default&#8221; tablet_text_alignment=&#8221;default&#8221; phone_text_alignment=&#8221;default&#8221; background_color_opacity=&#8221;1&#8243; background_hover_color_opacity=&#8221;1&#8243; column_backdrop_filter=&#8221;none&#8221; column_shadow=&#8221;none&#8221;&#8230;<\/p>\n","protected":false},"author":1,"featured_media":0,"parent":0,"menu_order":0,"comment_status":"closed","ping_status":"closed","template":"","meta":{"footnotes":""},"class_list":["post-4259","page","type-page","status-publish"],"_links":{"self":[{"href":"https:\/\/sovejaverde.ro\/index.php\/wp-json\/wp\/v2\/pages\/4259","targetHints":{"allow":["GET"]}}],"collection":[{"href":"https:\/\/sovejaverde.ro\/index.php\/wp-json\/wp\/v2\/pages"}],"about":[{"href":"https:\/\/sovejaverde.ro\/index.php\/wp-json\/wp\/v2\/types\/page"}],"author":[{"embeddable":true,"href":"https:\/\/sovejaverde.ro\/index.php\/wp-json\/wp\/v2\/users\/1"}],"replies":[{"embeddable":true,"href":"https:\/\/sovejaverde.ro\/index.php\/wp-json\/wp\/v2\/comments?post=4259"}],"version-history":[{"count":6,"href":"https:\/\/sovejaverde.ro\/index.php\/wp-json\/wp\/v2\/pages\/4259\/revisions"}],"predecessor-version":[{"id":4384,"href":"https:\/\/sovejaverde.ro\/index.php\/wp-json\/wp\/v2\/pages\/4259\/revisions\/4384"}],"wp:attachment":[{"href":"https:\/\/sovejaverde.ro\/index.php\/wp-json\/wp\/v2\/media?parent=4259"}],"curies":[{"name":"wp","href":"https:\/\/api.w.org\/{rel}","templated":true}]}}