{"id":4263,"date":"2025-02-28T05:52:29","date_gmt":"2025-02-28T05:52:29","guid":{"rendered":"https:\/\/sovejaverde.ro\/?page_id=4263"},"modified":"2025-11-20T09:41:13","modified_gmt":"2025-11-20T09:41:13","slug":"educatie-pentru-un-viitor-sustenabil-la-negrilesti","status":"publish","type":"page","link":"https:\/\/sovejaverde.ro\/index.php\/educatie-pentru-un-viitor-sustenabil-la-negrilesti\/","title":{"rendered":"Educa\u021bie pentru un viitor sustenabil la Negrile\u0219ti"},"content":{"rendered":"[vc_row type=&#8221;in_container&#8221; full_screen_row_position=&#8221;middle&#8221; column_margin=&#8221;default&#8221; column_direction=&#8221;default&#8221; column_direction_tablet=&#8221;default&#8221; column_direction_phone=&#8221;default&#8221; scene_position=&#8221;center&#8221; text_color=&#8221;dark&#8221; text_align=&#8221;left&#8221; row_border_radius=&#8221;none&#8221; row_border_radius_applies=&#8221;bg&#8221; overflow=&#8221;visible&#8221; overlay_strength=&#8221;0.3&#8243; gradient_direction=&#8221;left_to_right&#8221; shape_divider_position=&#8221;bottom&#8221; bg_image_animation=&#8221;none&#8221;][vc_column column_padding=&#8221;no-extra-padding&#8221; column_padding_tablet=&#8221;inherit&#8221; column_padding_phone=&#8221;inherit&#8221; column_padding_position=&#8221;all&#8221; column_element_direction_desktop=&#8221;default&#8221; column_element_spacing=&#8221;default&#8221; desktop_text_alignment=&#8221;default&#8221; tablet_text_alignment=&#8221;default&#8221; phone_text_alignment=&#8221;default&#8221; background_color_opacity=&#8221;1&#8243; background_hover_color_opacity=&#8221;1&#8243; column_backdrop_filter=&#8221;none&#8221; column_shadow=&#8221;none&#8221; column_border_radius=&#8221;none&#8221; column_link_target=&#8221;_self&#8221; column_position=&#8221;default&#8221; gradient_direction=&#8221;left_to_right&#8221; overlay_strength=&#8221;0.3&#8243; width=&#8221;1\/1&#8243; tablet_width_inherit=&#8221;default&#8221; animation_type=&#8221;default&#8221; bg_image_animation=&#8221;none&#8221; border_type=&#8221;simple&#8221; column_border_width=&#8221;none&#8221; column_border_style=&#8221;solid&#8221;][vc_column_text css=&#8221;&#8221; text_direction=&#8221;default&#8221;]\n<h1 style=\"text-align: center;\">Educa\u021bie pentru un viitor sustenabil la Negrile\u0219ti<\/h1>\n<p>Copiii din Negrile\u0219ti au participat cu bucurie la un seminar special dedicat schimb\u0103rilor climatice \u0219i impactului acestora asupra mediului. Pe \u00een\u021belesul lor, am discutat despre teme importante precum:<\/p>\n<p>Dezastre naturale, eroziunea solului, inunda\u021biile, seceta \u0219i \u00eenc\u0103lzirea global\u0103.<\/p>\n<p>Activit\u0103\u021bi educative captivante:<\/p>\n<p>Jocuri interactive despre cum s\u0103 protej\u0103m natura.<\/p>\n<p>Exemple practice despre utilizarea resurselor naturale regenerabile, cum ar fi energia solar\u0103 \u0219i eolian\u0103.<\/p>\n<p>Discu\u021bii prietenoase despre cum fiecare dintre noi poate ajuta planeta, chiar \u0219i prin gesturi mici.<\/p>\n<p>25 de copii, cu v\u00e2rste \u00eentre 6 \u0219i 10 ani, au fost implica\u021bi activ \u00een activit\u0103\u021bi, iar la final au primit diplome de participare pentru entuziasmul \u0219i curiozitatea lor.<\/p>\n<p>Felicit\u0103ri, micu\u021bilor eroi din Negrile\u0219ti! A\u021bi ar\u0103tat c\u0103 sunte\u021bi preg\u0103ti\u021bi s\u0103 face\u021bi o diferen\u021b\u0103 \u00een comunitatea voastr\u0103 \u0219i s\u0103 proteja\u021bi natura. \u00cempreun\u0103, punem bazele unei genera\u021bii mai responsabile \u0219i mai con\u0219tiente de importan\u021ba mediului \u00eenconjur\u0103tor!<\/p>\n<p><a href=\"https:\/\/www.facebook.com\/hashtag\/schimb%C4%83riclimatice?__eep__=6&amp;__cft__%5b0%5d=AZWL7I7XEjq9-152j6hGZbktJzsfVUAvoIx0TBPanmboUtAi_HBmBJlgYI1x8zBymWnp5obtM4dyIK2-O6TEcS1LFMe5UGBgt5jsVes6Xl1Z3ZEGcooKKWvwPswcsth-sP7llHPgISwyf7rNF3bgNU48RZZ1NIga93_mD3GSEJR4VYV9XQwPskXwvioVy8lydOL1N3K8xeVRAN8nx4R6e4wP&amp;__tn__=*NK-R\"><strong>#Schimb\u0103riClimatice<\/strong><\/a> <a href=\"https:\/\/www.facebook.com\/hashtag\/energieverde?__eep__=6&amp;__cft__%5b0%5d=AZWL7I7XEjq9-152j6hGZbktJzsfVUAvoIx0TBPanmboUtAi_HBmBJlgYI1x8zBymWnp5obtM4dyIK2-O6TEcS1LFMe5UGBgt5jsVes6Xl1Z3ZEGcooKKWvwPswcsth-sP7llHPgISwyf7rNF3bgNU48RZZ1NIga93_mD3GSEJR4VYV9XQwPskXwvioVy8lydOL1N3K8xeVRAN8nx4R6e4wP&amp;__tn__=*NK-R\"><strong>#EnergieVerde<\/strong><\/a> <a href=\"https:\/\/www.facebook.com\/hashtag\/educa%C8%9Biepentrumediu?__eep__=6&amp;__cft__%5b0%5d=AZWL7I7XEjq9-152j6hGZbktJzsfVUAvoIx0TBPanmboUtAi_HBmBJlgYI1x8zBymWnp5obtM4dyIK2-O6TEcS1LFMe5UGBgt5jsVes6Xl1Z3ZEGcooKKWvwPswcsth-sP7llHPgISwyf7rNF3bgNU48RZZ1NIga93_mD3GSEJR4VYV9XQwPskXwvioVy8lydOL1N3K8xeVRAN8nx4R6e4wP&amp;__tn__=*NK-R\"><strong>#Educa\u021biePentruMediu<\/strong><\/a> <a href=\"https:\/\/www.facebook.com\/hashtag\/viitorcurat?__eep__=6&amp;__cft__%5b0%5d=AZWL7I7XEjq9-152j6hGZbktJzsfVUAvoIx0TBPanmboUtAi_HBmBJlgYI1x8zBymWnp5obtM4dyIK2-O6TEcS1LFMe5UGBgt5jsVes6Xl1Z3ZEGcooKKWvwPswcsth-sP7llHPgISwyf7rNF3bgNU48RZZ1NIga93_mD3GSEJR4VYV9XQwPskXwvioVy8lydOL1N3K8xeVRAN8nx4R6e4wP&amp;__tn__=*NK-R\"><strong>#ViitorCurat<\/strong><\/a> <a href=\"https:\/\/www.facebook.com\/hashtag\/genera%C8%9Biaviitorului?__eep__=6&amp;__cft__%5b0%5d=AZWL7I7XEjq9-152j6hGZbktJzsfVUAvoIx0TBPanmboUtAi_HBmBJlgYI1x8zBymWnp5obtM4dyIK2-O6TEcS1LFMe5UGBgt5jsVes6Xl1Z3ZEGcooKKWvwPswcsth-sP7llHPgISwyf7rNF3bgNU48RZZ1NIga93_mD3GSEJR4VYV9XQwPskXwvioVy8lydOL1N3K8xeVRAN8nx4R6e4wP&amp;__tn__=*NK-R\"><strong>#Genera\u021biaViitorului<\/strong><\/a><\/p>\n<p>&#8212;&#8212;&#8212;&#8212;&#8212;&#8212;&#8212;&#8212;&#8212;&#8212;&#8212;&#8212;&#8212;&#8212;&#8212;&#8212;&#8212;&#8212;&#8212;&#8212;&#8212;&#8212;&#8212;&#8212;&#8211;<\/p>\n<p>Proiectul ,,SOVEJA Verde prin Educa\u021bie de Mediu\u201d este finan\u021bat prin Administratia Fondului pentru Mediu, cod proiect: 598\/H\/13.06.2024<\/p>\n<p><a href=\"https:\/\/www.facebook.com\/hashtag\/afm?__eep__=6&amp;__cft__%5b0%5d=AZWL7I7XEjq9-152j6hGZbktJzsfVUAvoIx0TBPanmboUtAi_HBmBJlgYI1x8zBymWnp5obtM4dyIK2-O6TEcS1LFMe5UGBgt5jsVes6Xl1Z3ZEGcooKKWvwPswcsth-sP7llHPgISwyf7rNF3bgNU48RZZ1NIga93_mD3GSEJR4VYV9XQwPskXwvioVy8lydOL1N3K8xeVRAN8nx4R6e4wP&amp;__tn__=*NK-R\"><strong>#AFM<\/strong><\/a> <a href=\"https:\/\/www.facebook.com\/hashtag\/eco?__eep__=6&amp;__cft__%5b0%5d=AZWL7I7XEjq9-152j6hGZbktJzsfVUAvoIx0TBPanmboUtAi_HBmBJlgYI1x8zBymWnp5obtM4dyIK2-O6TEcS1LFMe5UGBgt5jsVes6Xl1Z3ZEGcooKKWvwPswcsth-sP7llHPgISwyf7rNF3bgNU48RZZ1NIga93_mD3GSEJR4VYV9XQwPskXwvioVy8lydOL1N3K8xeVRAN8nx4R6e4wP&amp;__tn__=*NK-R\"><strong>#ECO<\/strong><\/a> <a href=\"https:\/\/www.facebook.com\/hashtag\/protejeazanatura?__eep__=6&amp;__cft__%5b0%5d=AZWL7I7XEjq9-152j6hGZbktJzsfVUAvoIx0TBPanmboUtAi_HBmBJlgYI1x8zBymWnp5obtM4dyIK2-O6TEcS1LFMe5UGBgt5jsVes6Xl1Z3ZEGcooKKWvwPswcsth-sP7llHPgISwyf7rNF3bgNU48RZZ1NIga93_mD3GSEJR4VYV9XQwPskXwvioVy8lydOL1N3K8xeVRAN8nx4R6e4wP&amp;__tn__=*NK-R\"><strong>#ProtejeazaNatura<\/strong><\/a> <a href=\"https:\/\/www.facebook.com\/hashtag\/protectiamediului?__eep__=6&amp;__cft__%5b0%5d=AZWL7I7XEjq9-152j6hGZbktJzsfVUAvoIx0TBPanmboUtAi_HBmBJlgYI1x8zBymWnp5obtM4dyIK2-O6TEcS1LFMe5UGBgt5jsVes6Xl1Z3ZEGcooKKWvwPswcsth-sP7llHPgISwyf7rNF3bgNU48RZZ1NIga93_mD3GSEJR4VYV9XQwPskXwvioVy8lydOL1N3K8xeVRAN8nx4R6e4wP&amp;__tn__=*NK-R\"><strong>#ProtectiaMediului<\/strong><\/a> <a href=\"https:\/\/www.facebook.com\/hashtag\/educatieverde?__eep__=6&amp;__cft__%5b0%5d=AZWL7I7XEjq9-152j6hGZbktJzsfVUAvoIx0TBPanmboUtAi_HBmBJlgYI1x8zBymWnp5obtM4dyIK2-O6TEcS1LFMe5UGBgt5jsVes6Xl1Z3ZEGcooKKWvwPswcsth-sP7llHPgISwyf7rNF3bgNU48RZZ1NIga93_mD3GSEJR4VYV9XQwPskXwvioVy8lydOL1N3K8xeVRAN8nx4R6e4wP&amp;__tn__=*NK-R\"><strong>#EducatieVerde<\/strong><\/a>[\/vc_column_text][vc_gallery css=&#8221;&#8221; type=&#8221;image_grid&#8221; images=&#8221;4333,4334,4335,4336,4337,4338,4339,4340,4341,4342&#8243; image_grid_loading=&#8221;default&#8221; layout=&#8221;4&#8243; item_spacing=&#8221;default&#8221; gallery_style=&#8221;7&#8243; load_in_animation=&#8221;none&#8221;][\/vc_column][\/vc_row]\n","protected":false},"excerpt":{"rendered":"<p>[vc_row type=&#8221;in_container&#8221; full_screen_row_position=&#8221;middle&#8221; column_margin=&#8221;default&#8221; column_direction=&#8221;default&#8221; column_direction_tablet=&#8221;default&#8221; column_direction_phone=&#8221;default&#8221; scene_position=&#8221;center&#8221; text_color=&#8221;dark&#8221; text_align=&#8221;left&#8221; row_border_radius=&#8221;none&#8221; row_border_radius_applies=&#8221;bg&#8221; overflow=&#8221;visible&#8221; overlay_strength=&#8221;0.3&#8243; gradient_direction=&#8221;left_to_right&#8221; shape_divider_position=&#8221;bottom&#8221; bg_image_animation=&#8221;none&#8221;][vc_column column_padding=&#8221;no-extra-padding&#8221; column_padding_tablet=&#8221;inherit&#8221; column_padding_phone=&#8221;inherit&#8221; column_padding_position=&#8221;all&#8221; column_element_direction_desktop=&#8221;default&#8221; column_element_spacing=&#8221;default&#8221; desktop_text_alignment=&#8221;default&#8221; tablet_text_alignment=&#8221;default&#8221; phone_text_alignment=&#8221;default&#8221; background_color_opacity=&#8221;1&#8243; background_hover_color_opacity=&#8221;1&#8243; column_backdrop_filter=&#8221;none&#8221; column_shadow=&#8221;none&#8221;&#8230;<\/p>\n","protected":false},"author":1,"featured_media":0,"parent":0,"menu_order":0,"comment_status":"closed","ping_status":"closed","template":"","meta":{"footnotes":""},"class_list":["post-4263","page","type-page","status-publish"],"_links":{"self":[{"href":"https:\/\/sovejaverde.ro\/index.php\/wp-json\/wp\/v2\/pages\/4263","targetHints":{"allow":["GET"]}}],"collection":[{"href":"https:\/\/sovejaverde.ro\/index.php\/wp-json\/wp\/v2\/pages"}],"about":[{"href":"https:\/\/sovejaverde.ro\/index.php\/wp-json\/wp\/v2\/types\/page"}],"author":[{"embeddable":true,"href":"https:\/\/sovejaverde.ro\/index.php\/wp-json\/wp\/v2\/users\/1"}],"replies":[{"embeddable":true,"href":"https:\/\/sovejaverde.ro\/index.php\/wp-json\/wp\/v2\/comments?post=4263"}],"version-history":[{"count":8,"href":"https:\/\/sovejaverde.ro\/index.php\/wp-json\/wp\/v2\/pages\/4263\/revisions"}],"predecessor-version":[{"id":4474,"href":"https:\/\/sovejaverde.ro\/index.php\/wp-json\/wp\/v2\/pages\/4263\/revisions\/4474"}],"wp:attachment":[{"href":"https:\/\/sovejaverde.ro\/index.php\/wp-json\/wp\/v2\/media?parent=4263"}],"curies":[{"name":"wp","href":"https:\/\/api.w.org\/{rel}","templated":true}]}}